{"id":111,"date":"2024-11-26T14:46:07","date_gmt":"2024-11-26T13:46:07","guid":{"rendered":"https:\/\/www.kse-karlsruhe.de\/?page_id=111"},"modified":"2025-02-10T13:21:25","modified_gmt":"2025-02-10T12:21:25","slug":"impressum","status":"publish","type":"page","link":"https:\/\/www.kse-karlsruhe.de\/index.php\/impressum\/","title":{"rendered":"Impressum"},"content":{"rendered":"\t\t<div data-elementor-type=\"wp-page\" data-elementor-id=\"111\" class=\"elementor elementor-111\" data-elementor-post-type=\"page\">\n\t\t\t\t<div class=\"elementor-element elementor-element-a01593f e-flex e-con-boxed e-con e-parent\" data-id=\"a01593f\" data-element_type=\"container\" data-e-type=\"container\">\n\t\t\t\t\t<div class=\"e-con-inner\">\n\t\t\t\t<div class=\"elementor-element elementor-element-fe62da9 elementor-widget elementor-widget-text-editor\" data-id=\"fe62da9\" data-element_type=\"widget\" data-e-type=\"widget\" data-widget_type=\"text-editor.default\">\n\t\t\t\t<div class=\"elementor-widget-container\">\n\t\t\t\t\t\t\t\t\t<h2 class=\"wp-block-heading\">IMPRESSUM<\/h2><div class=\"page-content\"><h2 class=\"wp-block-heading\"><a>Anbieter<\/a><\/h2><p>Diensteanbieter im Sinne von \u00a75 Digitale Dienste Gesetz (DDG) und \u00a718 Abs. 2 Medienstaatsvertrag (MStV):<\/p><figure class=\"wp-block-table\"><table><tbody><tr><td>Rechtlicher Sitz:<\/td><td>Karlsruher Institut f\u00fcr Technologie<br \/>Kaiserstra\u00dfe 12<br \/>76131 Karlsruhe<br \/>Deutschland<br \/>Tel.: +49 721 608-0<br \/>Fax: +49 721 608-44290<br \/>E-Mail: <a href=\"mailto:info@kit.edu\">info@kit.edu<\/a><\/td><\/tr><tr><td>Rechtsform:<\/td><td>K\u00f6rperschaft des \u00f6ffentlichen Rechts<\/td><\/tr><tr><td>Vertretungsberechtigt:<\/td><td>Prof. Dr. Jan S. Hesthaven (Pr\u00e4sident des KIT)<\/td><\/tr><tr><td>Umsatzsteueridentifikationsnummer:<\/td><td>DE266749428<\/td><\/tr><\/tbody><\/table><\/figure><h2>\u00a0<\/h2><h2>Inhaltlich Verantwortlicher gem\u00e4\u00df \u00a7 18 Abs. 2 MStV:<\/h2><ul><li>Alexander Woll (Karlsruher Institut f\u00fcr Technologie, KIT)<br \/>Engesserstr. 6<br \/>76131 Karlsruhe<\/li><li>Nadine Anskeit (P\u00e4dagogische Hochschule Karlsruhe, PHKA)<br \/>Bismarckstra\u00dfe 10<br \/>76133 Karlsruhe<\/li><\/ul><h2>\u00a0<\/h2><h2 class=\"wp-block-heading\"><a>Copyright<\/a><\/h2><p>F\u00fcr die Internet-Seiten des Karlsruher Instituts f\u00fcr Technologie liegen Copyright und alle weiteren Rechte beim Karlsruher Institut f\u00fcr Technologie, Kaiserstra\u00dfe 12, 76131 Karlsruhe, Deutschland. Weiterverbreitung, auch in Ausz\u00fcgen, f\u00fcr p\u00e4dagogische, wissenschaftliche oder private Zwecke ist unter Angabe der Quelle gestattet (sofern nicht anders an der entsprechenden Stelle ausdr\u00fccklich angegeben). Eine Verwendung im gewerblichen Bereich bedarf der Genehmigung durch das Karlsruher Institut f\u00fcr Technologie. Ansprechpartner ist die <a href=\"mailto:info@kit.edu\" target=\"_blank\" rel=\"noreferrer noopener\">Dienstleistungseinheit Strategische Entwicklung und Kommunikation<\/a>.<\/p><h2>\u00a0<\/h2><h2 class=\"wp-block-heading\"><a>Haftung<\/a><\/h2><p>Diese Internetseiten dienen lediglich der Information. Ihr Inhalt wurde mit geb\u00fchrender Sorgfalt zusammengestellt. Das Karlsruher Institut f\u00fcr Technologie \u00fcbernimmt aber keine Garantie, weder ausdr\u00fccklich noch implizit, f\u00fcr die Art oder Richtigkeit des dargebotenen Materials und \u00fcbernimmt keine Haftung (einschlie\u00dflich Haftung f\u00fcr indirekten Verlust oder Gewinn- oder Umsatzverluste) bez\u00fcglich des Materials bzw. der Nutzung dieses Materials. Sollten Inhalte von Web-Seiten des Karlsruher Instituts f\u00fcr Technologie gegen geltende Rechtsvorschriften versto\u00dfen, dann bitten wir um umgehende Benachrichtigung. Wir werden die Seite oder den betreffenden Inhalt dann schnellstm\u00f6glich entfernen.<\/p><h2>\u00a0<\/h2><h2 class=\"wp-block-heading\"><a>Verweise auf externe Web-Seiten<\/a><\/h2><p>Die Web-Seiten des Karlsruher Instituts f\u00fcr Technologie enthalten Verweise (Links) zu Informationsangeboten auf Servern, die nicht der Kontrolle und Verantwortlichkeit des Karlsruher Instituts f\u00fcr Technologie unterliegen. Das Karlsruher Institut f\u00fcr Technologie \u00fcbernimmt keine Verantwortung und keine Garantie f\u00fcr diese Informationen und billigt oder unterst\u00fctzt diese auch nicht inhaltlich.<\/p><\/div>\t\t\t\t\t\t\t\t<\/div>\n\t\t\t\t<\/div>\n\t\t\t\t\t<\/div>\n\t\t\t\t<\/div>\n\t\t\t\t<\/div>\n\t\t","protected":false},"excerpt":{"rendered":"<p>IMPRESSUM Anbieter Diensteanbieter im Sinne von \u00a75 Digitale Dienste Gesetz (DDG) und \u00a718 Abs. 2 Medienstaatsvertrag (MStV): Rechtlicher Sitz: Karlsruher Institut f\u00fcr TechnologieKaiserstra\u00dfe 1276131 KarlsruheDeutschlandTel.: +49 721 608-0Fax: +49 721 608-44290E-Mail: info@kit.edu Rechtsform: K\u00f6rperschaft des \u00f6ffentlichen Rechts Vertretungsberechtigt: Prof. Dr. Jan S. Hesthaven (Pr\u00e4sident des KIT) Umsatzsteueridentifikationsnummer: DE266749428 \u00a0 Inhaltlich Verantwortlicher gem\u00e4\u00df \u00a7 18 Abs. [&hellip;]<\/p>\n","protected":false},"author":1,"featured_media":0,"parent":0,"menu_order":4,"comment_status":"closed","ping_status":"closed","template":"","meta":{"footnotes":""},"class_list":["post-111","page","type-page","status-publish","hentry"],"_links":{"self":[{"href":"https:\/\/www.kse-karlsruhe.de\/index.php\/wp-json\/wp\/v2\/pages\/111","targetHints":{"allow":["GET"]}}],"collection":[{"href":"https:\/\/www.kse-karlsruhe.de\/index.php\/wp-json\/wp\/v2\/pages"}],"about":[{"href":"https:\/\/www.kse-karlsruhe.de\/index.php\/wp-json\/wp\/v2\/types\/page"}],"author":[{"embeddable":true,"href":"https:\/\/www.kse-karlsruhe.de\/index.php\/wp-json\/wp\/v2\/users\/1"}],"replies":[{"embeddable":true,"href":"https:\/\/www.kse-karlsruhe.de\/index.php\/wp-json\/wp\/v2\/comments?post=111"}],"version-history":[{"count":16,"href":"https:\/\/www.kse-karlsruhe.de\/index.php\/wp-json\/wp\/v2\/pages\/111\/revisions"}],"predecessor-version":[{"id":982,"href":"https:\/\/www.kse-karlsruhe.de\/index.php\/wp-json\/wp\/v2\/pages\/111\/revisions\/982"}],"wp:attachment":[{"href":"https:\/\/www.kse-karlsruhe.de\/index.php\/wp-json\/wp\/v2\/media?parent=111"}],"curies":[{"name":"wp","href":"https:\/\/api.w.org\/{rel}","templated":true}]}}