{"id":1549,"date":"2026-04-13T20:13:57","date_gmt":"2026-04-13T18:13:57","guid":{"rendered":"https:\/\/www.kse-karlsruhe.de\/?page_id=1549"},"modified":"2026-04-13T20:18:32","modified_gmt":"2026-04-13T18:18:32","slug":"mentale-gesundheit-im-lehramtsstudium","status":"publish","type":"page","link":"https:\/\/www.kse-karlsruhe.de\/index.php\/studium\/mentale-gesundheit-im-lehramtsstudium\/","title":{"rendered":"Mentale Gesundheit im Lehramtsstudium"},"content":{"rendered":"\n<p><strong>Mentale Gesundheit im Lehramtsstudium \u2013<\/strong> <strong>Informationsveranstaltung f\u00fcr Studierende<\/strong><br>Psychische Gesundheit vs. Verbeamtung<\/p>\n\n\n\n<figure class=\"wp-block-image aligncenter size-medium\"><img fetchpriority=\"high\" decoding=\"async\" width=\"300\" height=\"267\" src=\"https:\/\/www.kse-karlsruhe.de\/wp-content\/uploads\/2026\/04\/MentaleGesundheit_LA_KSE-300x267.jpg\" alt=\"\" class=\"wp-image-1550\" srcset=\"https:\/\/www.kse-karlsruhe.de\/wp-content\/uploads\/2026\/04\/MentaleGesundheit_LA_KSE-300x267.jpg 300w, https:\/\/www.kse-karlsruhe.de\/wp-content\/uploads\/2026\/04\/MentaleGesundheit_LA_KSE-1024x911.jpg 1024w, https:\/\/www.kse-karlsruhe.de\/wp-content\/uploads\/2026\/04\/MentaleGesundheit_LA_KSE-768x683.jpg 768w, https:\/\/www.kse-karlsruhe.de\/wp-content\/uploads\/2026\/04\/MentaleGesundheit_LA_KSE.jpg 1386w\" sizes=\"(max-width: 300px) 100vw, 300px\" \/><\/figure>\n\n\n\n<p>Die Karlsruhe School of Education (KSE) l\u00e4dt in Zusammenarbeit mit dem Institut f\u00fcr Deutsche Sprache und Literatur der PHKA sowie dem Studien-Service-Zentrum \/ der Zentralen Studienberatung der PHKA herzlich zur <strong>digitalen Informationsveranstaltung <\/strong>\u201eMentale Gesundheitsf\u00fcrsorge im Lehramtsstudium\u201c <strong>am 8. Juli 2026 von 16:00<\/strong> <strong>bis ca. 17:30 Uh<\/strong>r ein.<\/p>\n\n\n\n<p>Die Veranstaltung richtet sich an <strong>Lehramtsstudierende der P\u00e4dagogischen Hochschule Karlsruhe (PHKA) und des Karlsruher Instituts f\u00fcr Technologie (KIT)<\/strong> und bietet Informationen, Expert:innen-Input und offenen Austausch zu Fragen rund um psychologische Beratung, Therapie und m\u00f6gliche Auswirkungen auf eine sp\u00e4tere Verbeamtung.<br>Ziel ist es, einen aktuellen Informationsstand zu vermitteln und unterschiedliche Perspektiven aus Beratung, Medizin, Verwaltung und Interessenvertretung zusammenzubringen.<br>Eine <strong>anonyme Teilnahme<\/strong> ist m\u00f6glich.<\/p>\n\n\n\n<p><strong>Beitr\u00e4ge aus verschiedenen Perspektiven<\/strong><br>Kurze Inputs geben Einblicke in unterschiedliche Aspekte des Themas. Beitr\u00e4ge kommen unter anderem von:<br>\u2022 Psychotherapeutische Beratungsstelle des Studierendenwerks Karlsruhe (PBS)<br>\u2022 Fach\u00e4rztliche Perspektive (Amtsarzt Dr. Andre B\u00f6nsch)<br>\u2022 Gewerkschaft f\u00fcr Erziehung und Wissenschaft (GEW)<br>\u2022 Studien-Service-Zentrum \/ Zentrale Studienberatung der PH Karlsruhe<br>\u2022 Institut f\u00fcr Deutsche Sprache und Literatur der PH Karlsruhe<\/p>\n\n\n\n<p>Im Anschluss an die Beitr\u00e4ge besteht ausreichend Zeit f\u00fcr Fragen und Austausch.<\/p>\n\n\n\n<p><strong>Fragen einreichen<\/strong><br>Fragen k\u00f6nnen bereits vorab per E-Mail an info@kse-karlsruhe.de gesendet oder w\u00e4hrend der Veranstaltung gestellt werden.<\/p>\n\n\n\n<p><strong>Termin und Teilnahme<\/strong><br>Datum: 08. Juli 2026<br>Uhrzeit: 16:00 \u2013 ca. 17:30 Uhr<br>Format: digital \u00fcber WebEx<br>Eine Anmeldung ist nicht erforderlich.<\/p>\n\n\n\n<p>Der WebEx-Link zur Veranstaltung wird zeitnah vor dem Termin an dieser Stelle ver\u00f6ffentlicht.<\/p>\n\n\n\n<p><strong>Wir freuen uns auf dich.<\/strong><\/p>\n","protected":false},"excerpt":{"rendered":"<p>Mentale Gesundheit im Lehramtsstudium \u2013 Informationsveranstaltung f\u00fcr StudierendePsychische Gesundheit vs. Verbeamtung Die Karlsruhe School of Education (KSE) l\u00e4dt in Zusammenarbeit mit dem Institut f\u00fcr Deutsche Sprache und Literatur der PHKA sowie dem Studien-Service-Zentrum \/ der Zentralen Studienberatung der PHKA herzlich zur digitalen Informationsveranstaltung \u201eMentale Gesundheitsf\u00fcrsorge im Lehramtsstudium\u201c am 8. Juli 2026 von 16:00 bis ca. [&hellip;]<\/p>\n","protected":false},"author":3,"featured_media":1550,"parent":100,"menu_order":0,"comment_status":"closed","ping_status":"closed","template":"","meta":{"footnotes":""},"class_list":["post-1549","page","type-page","status-publish","has-post-thumbnail","hentry"],"_links":{"self":[{"href":"https:\/\/www.kse-karlsruhe.de\/index.php\/wp-json\/wp\/v2\/pages\/1549","targetHints":{"allow":["GET"]}}],"collection":[{"href":"https:\/\/www.kse-karlsruhe.de\/index.php\/wp-json\/wp\/v2\/pages"}],"about":[{"href":"https:\/\/www.kse-karlsruhe.de\/index.php\/wp-json\/wp\/v2\/types\/page"}],"author":[{"embeddable":true,"href":"https:\/\/www.kse-karlsruhe.de\/index.php\/wp-json\/wp\/v2\/users\/3"}],"replies":[{"embeddable":true,"href":"https:\/\/www.kse-karlsruhe.de\/index.php\/wp-json\/wp\/v2\/comments?post=1549"}],"version-history":[{"count":4,"href":"https:\/\/www.kse-karlsruhe.de\/index.php\/wp-json\/wp\/v2\/pages\/1549\/revisions"}],"predecessor-version":[{"id":1556,"href":"https:\/\/www.kse-karlsruhe.de\/index.php\/wp-json\/wp\/v2\/pages\/1549\/revisions\/1556"}],"up":[{"embeddable":true,"href":"https:\/\/www.kse-karlsruhe.de\/index.php\/wp-json\/wp\/v2\/pages\/100"}],"wp:featuredmedia":[{"embeddable":true,"href":"https:\/\/www.kse-karlsruhe.de\/index.php\/wp-json\/wp\/v2\/media\/1550"}],"wp:attachment":[{"href":"https:\/\/www.kse-karlsruhe.de\/index.php\/wp-json\/wp\/v2\/media?parent=1549"}],"curies":[{"name":"wp","href":"https:\/\/api.w.org\/{rel}","templated":true}]}}